{"id":61,"date":"2022-05-18T12:11:01","date_gmt":"2022-05-18T12:11:01","guid":{"rendered":"https:\/\/www.hilanimuhely.hu\/?page_id=61"},"modified":"2022-05-18T13:53:09","modified_gmt":"2022-05-18T13:53:09","slug":"szolgaltatasok","status":"publish","type":"page","link":"https:\/\/www.hilanimuhely.hu\/?page_id=61","title":{"rendered":"Szolg\u00e1ltat\u00e1sok"},"content":{"rendered":"\n<p>Koncepci\u00f3terv <\/p>\n\n\n\n<p>V\u00e1zlatterv<\/p>\n\n\n\n<p>Egyszer\u0171 bejelent\u00e9s<\/p>\n\n\n\n<p>Enged\u00e9lyez\u00e9si terv<\/p>\n\n\n\n<p>Kiviteli terv<\/p>\n\n\n\n<p>Tan\u00e1csad\u00e1s<\/p>\n","protected":false},"excerpt":{"rendered":"<p>Koncepci\u00f3terv V\u00e1zlatterv Egyszer\u0171 bejelent\u00e9s Enged\u00e9lyez\u00e9si terv Kiviteli terv Tan\u00e1csad\u00e1s<\/p>\n","protected":false},"author":1,"featured_media":0,"parent":0,"menu_order":0,"comment_status":"closed","ping_status":"closed","template":"","meta":{"footnotes":""},"class_list":["post-61","page","type-page","status-publish","hentry","latest_post"],"_links":{"self":[{"href":"https:\/\/www.hilanimuhely.hu\/index.php?rest_route=\/wp\/v2\/pages\/61","targetHints":{"allow":["GET"]}}],"collection":[{"href":"https:\/\/www.hilanimuhely.hu\/index.php?rest_route=\/wp\/v2\/pages"}],"about":[{"href":"https:\/\/www.hilanimuhely.hu\/index.php?rest_route=\/wp\/v2\/types\/page"}],"author":[{"embeddable":true,"href":"https:\/\/www.hilanimuhely.hu\/index.php?rest_route=\/wp\/v2\/users\/1"}],"replies":[{"embeddable":true,"href":"https:\/\/www.hilanimuhely.hu\/index.php?rest_route=%2Fwp%2Fv2%2Fcomments&post=61"}],"version-history":[{"count":2,"href":"https:\/\/www.hilanimuhely.hu\/index.php?rest_route=\/wp\/v2\/pages\/61\/revisions"}],"predecessor-version":[{"id":95,"href":"https:\/\/www.hilanimuhely.hu\/index.php?rest_route=\/wp\/v2\/pages\/61\/revisions\/95"}],"wp:attachment":[{"href":"https:\/\/www.hilanimuhely.hu\/index.php?rest_route=%2Fwp%2Fv2%2Fmedia&parent=61"}],"curies":[{"name":"wp","href":"https:\/\/api.w.org\/{rel}","templated":true}]}}