{"id":22,"date":"2022-05-18T11:21:13","date_gmt":"2022-05-18T11:21:13","guid":{"rendered":"https:\/\/www.hilanimuhely.hu\/?page_id=22"},"modified":"2025-09-19T09:08:58","modified_gmt":"2025-09-19T09:08:58","slug":"partnereink","status":"publish","type":"page","link":"https:\/\/www.hilanimuhely.hu\/?page_id=22","title":{"rendered":"Partnereink"},"content":{"rendered":"\n<p>Gener\u00e1ltervez\u00e9si munk\u00e1ink sor\u00e1n t\u00f6bb szak\u00e1gi tervez\u0151partnerrel dolgozunk hosszabb ideje sikerrel egy\u00fctt!<\/p>\n\n\n\n<p><em>Tart\u00f3szerkezet:<\/em><\/p>\n\n\n\n<ul class=\"wp-block-list\">\n<li>Kerek \u00e9s Pint\u00e9r Kft. <a href=\"https:\/\/www.kerekespinter.hu\/\">https:\/\/www.kerekespinter.hu\/<\/a><\/li>\n\n\n\n<li>Somody \u00e9s T\u00e1rsa Bt.<\/li>\n<\/ul>\n\n\n\n<p><em>\u00dattervez\u00e9s:<\/em><\/p>\n\n\n\n<ul class=\"wp-block-list\">\n<li>\u00daTVONAL M\u00e9rn\u00f6ki \u00e9s Szolg\u00e1ltat\u00f3 Kft. <a rel=\"noreferrer noopener\" href=\"https:\/\/utvonalkft.com\/\" target=\"_blank\">https:\/\/utvonalkft.com\/<\/a><\/li>\n<\/ul>\n\n\n\n<p><em>Villamosenergia:<\/em><\/p>\n\n\n\n<ul class=\"wp-block-list\">\n<li>KZ Vill Kft. <a href=\"https:\/\/www.kzvillkft.com\/\">https:\/\/www.kzvillkft.com\/<\/a><\/li>\n\n\n\n<li>Forest-Vill Kft. <a href=\"https:\/\/forest-vill.hu\/\" target=\"_blank\" rel=\"noreferrer noopener\">https:\/\/forest-vill.hu\/<\/a><\/li>\n\n\n\n<li>BORZ Kft. <\/li>\n\n\n\n<li>NOLASZ TEAM Kft.<\/li>\n<\/ul>\n\n\n\n<p><em>\u00c9p\u00fcletg\u00e9p\u00e9szet:<\/em><\/p>\n\n\n\n<ul class=\"wp-block-list\">\n<li>Kurucz M\u00e1t\u00e9 ev. <a href=\"http:\/\/kuruczmate.hu\/\">http:\/\/kuruczmate.hu\/<\/a><\/li>\n\n\n\n<li>SZL\u00c1VIK \u00c9S KOLL\u00c1TH Kereskedelmi \u00e9s Szolg\u00e1ltat\u00f3 Kft.<\/li>\n<\/ul>\n\n\n\n<p><em>K\u00fcls\u0151 k\u00f6zm\u0171:<\/em><\/p>\n\n\n\n<ul class=\"wp-block-list\">\n<li>De-Ma Project Kft. <a href=\"https:\/\/www.de-ma.hu\/\">https:\/\/www.de-ma.hu\/<\/a><\/li>\n\n\n\n<li>K\u00c1D\u00c1R KOMPLEX Kft.<\/li>\n<\/ul>\n\n\n\n<p><em>L\u00e1tv\u00e1nytervek:<\/em><\/p>\n\n\n\n<ul class=\"wp-block-list\">\n<li>TDLT \u00c9p\u00edt\u00e9sziroda Kft. <a href=\"https:\/\/tdlt.hu\/\">https:\/\/tdlt.hu\/<\/a><\/li>\n<\/ul>\n\n\n\n<p><em>K\u00f6rnyezetv\u00e9delem \u00e9s v\u00edzjogi \u00fcgyek:<\/em><\/p>\n\n\n\n<ul class=\"wp-block-list\">\n<li>AQUADINA M\u00e9rn\u00f6kiroda Kft. <a href=\"https:\/\/hu.linkedin.com\/in\/%C3%A1gnes-gergely-7b55b0225\">https:\/\/hu.linkedin.com\/in\/%C3%A1gnes-gergely-7b55b0225<\/a><\/li>\n<\/ul>\n\n\n\n<p><em>Geod\u00e9zia, f\u00f6ldm\u00e9r\u00e9s:<\/em> <\/p>\n\n\n\n<ul class=\"wp-block-list\">\n<li>EGeo Kft.<\/li>\n<\/ul>\n\n\n\n<p><em>Szigetel\u00e9si szak\u00e9rt\u0151:<\/em><\/p>\n\n\n\n<ul class=\"wp-block-list\">\n<li>ARKkitehti \u00c9p\u00edt\u00e9sz \u00e9s M\u00e9rn\u00f6kiroda Kft. <a href=\"https:\/\/www.arkepitesz.hu\/\">https:\/\/www.arkepitesz.hu\/<\/a><\/li>\n<\/ul>\n\n\n\n<p><em>T\u0171zv\u00e9delem:<\/em> <\/p>\n\n\n\n<ul class=\"wp-block-list\">\n<li>SIGNALCONT Szolg\u00e1ltat\u00f3 \u00e9s Kereskedelmi Kft. <a href=\"https:\/\/share.google\/kbICo5daCiaaQJArI\">https:\/\/share.google\/kbICo5daCiaaQJArI<\/a><\/li>\n<\/ul>\n\n\n\n<p><em>Vagyonv\u00e9delem:<\/em> <\/p>\n\n\n\n<ul class=\"wp-block-list\">\n<li>RIAREX Kft. <a href=\"https:\/\/riarex.hu\/hu\/\">https:\/\/riarex.hu\/hu\/<\/a><\/li>\n<\/ul>\n\n\n\n<p class=\"has-text-align-left\"><em>Talajmechanika:<\/em><\/p>\n\n\n\n<ul class=\"wp-block-list\">\n<li>R\u00f3zs\u00e1r P\u00e9ter ev.<\/li>\n<\/ul>\n\n\n\n<p><em>Akad\u00e1lymentes\u00edt\u00e9s:<\/em><\/p>\n\n\n\n<ul class=\"wp-block-list\">\n<li>Bisothka No\u00e9mi<\/li>\n<\/ul>\n\n\n\n<p><\/p>\n","protected":false},"excerpt":{"rendered":"<p>Gener\u00e1ltervez\u00e9si munk\u00e1ink sor\u00e1n t\u00f6bb szak\u00e1gi tervez\u0151partnerrel dolgozunk hosszabb ideje sikerrel egy\u00fctt! Tart\u00f3szerkezet: \u00dattervez\u00e9s: Villamosenergia: \u00c9p\u00fcletg\u00e9p\u00e9szet: K\u00fcls\u0151 k\u00f6zm\u0171: L\u00e1tv\u00e1nytervek: K\u00f6rnyezetv\u00e9delem \u00e9s v\u00edzjogi \u00fcgyek: Geod\u00e9zia, f\u00f6ldm\u00e9r\u00e9s: Szigetel\u00e9si &hellip; <\/p>\n","protected":false},"author":1,"featured_media":0,"parent":0,"menu_order":0,"comment_status":"closed","ping_status":"closed","template":"","meta":{"footnotes":""},"class_list":["post-22","page","type-page","status-publish","hentry","latest_post"],"_links":{"self":[{"href":"https:\/\/www.hilanimuhely.hu\/index.php?rest_route=\/wp\/v2\/pages\/22","targetHints":{"allow":["GET"]}}],"collection":[{"href":"https:\/\/www.hilanimuhely.hu\/index.php?rest_route=\/wp\/v2\/pages"}],"about":[{"href":"https:\/\/www.hilanimuhely.hu\/index.php?rest_route=\/wp\/v2\/types\/page"}],"author":[{"embeddable":true,"href":"https:\/\/www.hilanimuhely.hu\/index.php?rest_route=\/wp\/v2\/users\/1"}],"replies":[{"embeddable":true,"href":"https:\/\/www.hilanimuhely.hu\/index.php?rest_route=%2Fwp%2Fv2%2Fcomments&post=22"}],"version-history":[{"count":11,"href":"https:\/\/www.hilanimuhely.hu\/index.php?rest_route=\/wp\/v2\/pages\/22\/revisions"}],"predecessor-version":[{"id":519,"href":"https:\/\/www.hilanimuhely.hu\/index.php?rest_route=\/wp\/v2\/pages\/22\/revisions\/519"}],"wp:attachment":[{"href":"https:\/\/www.hilanimuhely.hu\/index.php?rest_route=%2Fwp%2Fv2%2Fmedia&parent=22"}],"curies":[{"name":"wp","href":"https:\/\/api.w.org\/{rel}","templated":true}]}}